{"id":1462,"date":"2024-04-08T15:25:40","date_gmt":"2024-04-08T15:25:40","guid":{"rendered":"https:\/\/www.grafichestella.it\/certifications\/"},"modified":"2024-10-22T07:10:19","modified_gmt":"2024-10-22T07:10:19","slug":"certifications","status":"publish","type":"page","link":"https:\/\/www.grafichestella.it\/fr\/certifications\/","title":{"rendered":"Certifications"},"content":{"rendered":"\t\t<div data-elementor-type=\"wp-page\" data-elementor-id=\"1462\" class=\"elementor elementor-1462\" data-elementor-post-type=\"page\">\n\t\t\t\t<div class=\"elementor-element elementor-element-083131d e-flex e-con-boxed e-con e-parent\" data-id=\"083131d\" data-element_type=\"container\" data-e-type=\"container\" data-settings=\"{&quot;background_background&quot;:&quot;classic&quot;}\">\n\t\t\t\t\t<div class=\"e-con-inner\">\n\t\t\t\t\t<\/div>\n\t\t\t\t<\/div>\n\t\t<div class=\"elementor-element elementor-element-76dd10b e-flex e-con-boxed e-con e-parent\" data-id=\"76dd10b\" data-element_type=\"container\" data-e-type=\"container\" data-settings=\"{&quot;background_background&quot;:&quot;classic&quot;}\">\n\t\t\t\t\t<div class=\"e-con-inner\">\n\t\t<div class=\"elementor-element elementor-element-198f86f e-con-full e-flex e-con e-child\" data-id=\"198f86f\" data-element_type=\"container\" data-e-type=\"container\">\n\t\t\t\t<div class=\"elementor-element elementor-element-4467ec5 elementor-widget elementor-widget-heading\" data-id=\"4467ec5\" data-element_type=\"widget\" data-e-type=\"widget\" data-widget_type=\"heading.default\">\n\t\t\t\t<div class=\"elementor-widget-container\">\n\t\t\t\t\t<h3 class=\"elementor-heading-title elementor-size-default\">(01)<\/h3>\t\t\t\t<\/div>\n\t\t\t\t<\/div>\n\t\t\t\t<\/div>\n\t\t<div class=\"elementor-element elementor-element-311c6ad e-con-full e-flex e-con e-child\" data-id=\"311c6ad\" data-element_type=\"container\" data-e-type=\"container\">\n\t\t\t\t<div class=\"elementor-element elementor-element-94b41dc elementor-widget__width-initial elementor-widget elementor-widget-heading\" data-id=\"94b41dc\" data-element_type=\"widget\" data-e-type=\"widget\" data-widget_type=\"heading.default\">\n\t\t\t\t<div class=\"elementor-widget-container\">\n\t\t\t\t\t<div class=\"elementor-heading-title elementor-size-default\">Durabilit\u00e9<\/div>\t\t\t\t<\/div>\n\t\t\t\t<\/div>\n\t\t\t\t<div class=\"elementor-element elementor-element-809a647 elementor-widget elementor-widget-text-editor\" data-id=\"809a647\" data-element_type=\"widget\" data-e-type=\"widget\" data-widget_type=\"text-editor.default\">\n\t\t\t\t<div class=\"elementor-widget-container\">\n\t\t\t\t\t\t\t\t\t<p class=\"p1\">Nous prenons soin de la nature. Pour nous, la durabilit\u00e9 est une valeur, une opportunit\u00e9 de prot\u00e9ger l&rsquo;environnement. Nous travaillons dans une optique de production durable, ce qui nous a permis d&rsquo;obtenir la certification FSC-C 111834, ou Responsible Forest Stewardship, qui garantit que les for\u00eats et les plantations sont g\u00e9r\u00e9es selon des normes environnementales, sociales et \u00e9conomiques strictes. Il est obtenu par l&rsquo;adh\u00e9sion \u00e0 dix principes et crit\u00e8res qui doivent \u00eatre appliqu\u00e9s avec rigueur et pers\u00e9v\u00e9rance.<\/p><p class=\"p1\">Notre centrale photovolta\u00efque produit plus de 800 000 KW d&rsquo;\u00e9nergie renouvelable par an et est en mesure de r\u00e9pondre \u00e0 l&rsquo;ensemble des besoins \u00e9nerg\u00e9tiques de l&rsquo;entreprise, garantissant ainsi une production enti\u00e8rement durable et compatible avec la nature environnante.<\/p><p class=\"p1\">Notre syst\u00e8me d&rsquo;\u00e9clairage est enti\u00e8rement \u00e0 LED, qui, dans la bonne gradation, est particuli\u00e8rement adapt\u00e9 aux environnements de travail car il permet de mettre en valeur les formes, les volumes et les couleurs, des param\u00e8tres fondamentaux pour nous dans la phase de d\u00e9marrage de la presse. La r\u00e9duction drastique de l&rsquo;impact sur l&rsquo;environnement a \u00e9t\u00e9 l&rsquo;un des principaux facteurs. Il s&rsquo;agit donc d&rsquo;une politique d&rsquo;entreprise clairement \u00ab \u00e9cologique \u00bb.<\/p>\t\t\t\t\t\t\t\t<\/div>\n\t\t\t\t<\/div>\n\t\t\t\t<div class=\"elementor-element elementor-element-34b914f elementor-widget elementor-widget-heading\" data-id=\"34b914f\" data-element_type=\"widget\" data-e-type=\"widget\" data-widget_type=\"heading.default\">\n\t\t\t\t<div class=\"elementor-widget-container\">\n\t\t\t\t\t<h2 class=\"elementor-heading-title elementor-size-default\">\u00c9conomies totales de CO<sup>2<\/sup> tous les 2 mois<\/h2>\t\t\t\t<\/div>\n\t\t\t\t<\/div>\n\t\t<div class=\"elementor-element elementor-element-56a1945 e-con-full e-flex e-con e-child\" data-id=\"56a1945\" data-element_type=\"container\" data-e-type=\"container\">\n\t\t\t\t<div class=\"elementor-element elementor-element-f678172 elementor-widget__width-initial elementor-widget-mobile__width-initial elementor-view-default elementor-position-block-start elementor-mobile-position-block-start elementor-widget elementor-widget-icon-box\" data-id=\"f678172\" data-element_type=\"widget\" data-e-type=\"widget\" data-widget_type=\"icon-box.default\">\n\t\t\t\t<div class=\"elementor-widget-container\">\n\t\t\t\t\t\t\t<div class=\"elementor-icon-box-wrapper\">\n\n\t\t\t\t\t\t<div class=\"elementor-icon-box-icon\">\n\t\t\t\t<span  class=\"elementor-icon\">\n\t\t\t\t<svg xmlns=\"http:\/\/www.w3.org\/2000\/svg\" xmlns:xlink=\"http:\/\/www.w3.org\/1999\/xlink\" id=\"Capa_1\" style=\"enable-background:new 0 0 512 512;\" viewBox=\"0 0 512 512\" xml:space=\"preserve\"><g><g><g><path d=\"M507.857,227.896L397.19,147.894c-3.043-2.201-7.065-2.509-10.41-0.801c-3.344,1.71-5.449,5.149-5.449,8.905v60.433     l-94.807-68.537c-3.043-2.201-7.064-2.509-10.408-0.801c-3.346,1.71-5.449,5.149-5.449,8.905v60.433l-94.809-68.537     c-3.043-2.201-7.064-2.509-10.41-0.801c-3.344,1.71-5.449,5.149-5.449,8.905v70.001h-20.666L126.184,35.313     c-0.363-5.244-4.721-9.313-9.977-9.313H63.793c-5.256,0-9.613,4.068-9.977,9.313L40.666,226H10c-5.523,0-10,4.477-10,10v240     c0,5.522,4.477,10,10,10h492c5.522,0,10-4.478,10-10V236C512,232.789,510.459,229.775,507.857,227.896z M62.094,205.999h21.34     c5.521,0,10-4.478,10-10c0-5.523-4.479-10-10-10H63.473l9.654-139.998h33.746l12.412,179.998h-58.57L62.094,205.999z      M159.998,266.001h-55.689c-5.521,0-10,4.478-10,10c0,5.522,4.479,10,10,10h55.689V306h-55.689c-5.521,0-10,4.478-10,10     c0,5.523,4.479,10,10,10h55.689v20h-26.725c-5.521,0-10,4.478-10,10c0,5.523,4.479,10,10,10h26.725v19.999h-55.689     c-5.521,0-10,4.478-10,10c0,5.522,4.479,10,10,10h55.689v19.998h-55.689c-5.521,0-10,4.478-10,10c0,5.523,4.479,10,10,10h55.689     v20.002H20v-220h29.963c0.012,0,0.025,0.002,0.037,0.002h79.998c0.008,0.001,0.016,0.001,0.02,0c0.014,0,0.025-0.002,0.039-0.002     h29.941V266.001z M492,465.999H179.998v-230v-60.433l94.809,68.537c3.043,2.201,7.064,2.512,10.41,0.8     c3.344-1.709,5.449-5.148,5.449-8.904v-60.433l94.807,68.536c3.043,2.202,7.064,2.51,10.408,0.801     c3.346-1.709,5.449-5.148,5.449-8.904v-60.433L492,241.109V465.999z\"><\/path><path d=\"M104.309,366h0.236c5.523,0,10-4.477,10-10c0-5.522-4.477-10-10-10h-0.236c-5.521,0-10,4.478-10,10     C94.309,361.522,98.787,366,104.309,366z\"><\/path><path d=\"M295.998,305.998h-40.002c-5.523,0-10,4.478-10,10v39.998c0,5.522,4.477,10,10,10h40.002c5.522,0,10-4.478,10-10v-39.998     C305.998,310.477,301.52,305.998,295.998,305.998z M285.998,345.996h-20.002v-19.998h20.002V345.996z\"><\/path><path d=\"M365.998,315.998v39.998c0,5.522,4.479,10,10,10H416c5.523,0,10-4.478,10-10v-39.998c0-5.522-4.477-10-10-10h-40.002     C370.477,305.998,365.998,310.477,365.998,315.998z M385.998,325.998H406v19.998h-20.002V325.998z\"><\/path><path d=\"M321.69,425.997h-0.236c-5.521,0-10,4.478-10,10c0,5.523,4.479,10,10,10h0.236c5.523,0,10-4.477,10-10     C331.69,430.475,327.213,425.997,321.69,425.997z\"><\/path><path d=\"M292.723,425.997h-36.725c-5.523,0-10,4.478-10,10c0,5.523,4.477,10,10,10h36.725c5.521,0,10-4.477,10-10     C302.723,430.475,298.244,425.997,292.723,425.997z\"><\/path><\/g><\/g><\/g><g><\/g><g><\/g><g><\/g><g><\/g><g><\/g><g><\/g><g><\/g><g><\/g><g><\/g><g><\/g><g><\/g><g><\/g><g><\/g><g><\/g><g><\/g><\/svg>\t\t\t\t<\/span>\n\t\t\t<\/div>\n\t\t\t\n\t\t\t\t\t\t<div class=\"elementor-icon-box-content\">\n\n\t\t\t\t\t\t\t\t\t<h3 class=\"elementor-icon-box-title\">\n\t\t\t\t\t\t<span  >\n\t\t\t\t\t\t\t149,45\t\t\t\t\t\t<\/span>\n\t\t\t\t\t<\/h3>\n\t\t\t\t\n\t\t\t\t\t\t\t\t\t<p class=\"elementor-icon-box-description\">\n\t\t\t\t\t\tTonnes\t\t\t\t\t<\/p>\n\t\t\t\t\n\t\t\t<\/div>\n\t\t\t\n\t\t<\/div>\n\t\t\t\t\t\t<\/div>\n\t\t\t\t<\/div>\n\t\t\t\t<div class=\"elementor-element elementor-element-1031d24 elementor-widget__width-initial elementor-widget-mobile__width-initial elementor-view-default elementor-position-block-start elementor-mobile-position-block-start elementor-widget elementor-widget-icon-box\" data-id=\"1031d24\" data-element_type=\"widget\" data-e-type=\"widget\" data-widget_type=\"icon-box.default\">\n\t\t\t\t<div class=\"elementor-widget-container\">\n\t\t\t\t\t\t\t<div class=\"elementor-icon-box-wrapper\">\n\n\t\t\t\t\t\t<div class=\"elementor-icon-box-icon\">\n\t\t\t\t<span  class=\"elementor-icon\">\n\t\t\t\t<svg xmlns=\"http:\/\/www.w3.org\/2000\/svg\" viewBox=\"0 0 1920 1920\"><style>        .st0{fill:#fff}.st1{fill:none;stroke:#231f20;stroke-width:50;stroke-linecap:round;stroke-linejoin:round;stroke-miterlimit:10}    <\/style><path class=\"st0\" d=\"M1068.6 624.1L831.7 810.5l-.5-.6-414.5-106.4c-22.6-5.7-26.6-36.2-6.2-47.4 53.1-29.4 89.7-53.9 128.6-71.1 74.2-32.7 156.8-38.8 378.4-.9l150.4 39.3.7.7z\" id=\"Layer_7\"><\/path><path class=\"st0\" d=\"M1678.5 397.5c19.3 24.5 15 60.4-9.5 79.7l-406.3 340.9-45.5 375.9c-14 87.1-40.1 136.8-79.9 178.6-39.8 41.8-93.1 75.7-161.5 131.4-18.1 14.7-44.9-.3-41.7-23.4l59.4-450.5-256.1 126.1-211.2-30.6-245.9-177.5 120.8-90.9 263.6 84.7 166.9-131.4 236.9-186.4 118.4-93.2c164-119.6 249.2-165.4 339.2-165.4 45.9.1 93 12 152.4 32z\" id=\"Layer_8\"><\/path><g id=\"STROKES\"><g id=\"XMLID_2_\"><path class=\"st1\" d=\"M664.7 941.9l-263.6-84.7-120.8 90.9 245.9 177.4\"><\/path><path class=\"st1\" d=\"M993.5 1030l-256.1 126.1-211.2-30.6\"><\/path><path class=\"st1\" d=\"M993.5 1030l-59.4 450.5c-3.2 23.1 23.6 38.2 41.7 23.4 68.4-55.7 121.8-89.6 161.5-131.4 39.8-41.8 65.9-91.4 79.9-178.6l45.5-375.9L1669 477.2c24.5-19.3 28.8-55.2 9.5-79.7-59.4-20-106.5-31.9-152.4-31.9-90.1 0-175.2 45.8-339.2 165.4l-118.4 93.2-236.8 186.3-167 131.4\"><\/path><path class=\"st1\" d=\"M831.2 809.9L416.7 703.5c-22.6-5.7-26.6-36.2-6.2-47.4 53.1-29.4 89.7-53.9 128.6-71.1 74.2-32.7 156.8-38.8 378.4-.9l150.4 39.3\"><\/path><path class=\"st1\" d=\"M229.4 1554.4l359.3-274.1\"><\/path><path class=\"st1\" d=\"M229.4 1427.1l252.9-192.9\"><\/path><path class=\"st1\" d=\"M229.5 1303.1l155-118.2\"><\/path><\/g><\/g><\/svg>\t\t\t\t<\/span>\n\t\t\t<\/div>\n\t\t\t\n\t\t\t\t\t\t<div class=\"elementor-icon-box-content\">\n\n\t\t\t\t\t\t\t\t\t<h3 class=\"elementor-icon-box-title\">\n\t\t\t\t\t\t<span  >\n\t\t\t\t\t\t\t3732\t\t\t\t\t\t<\/span>\n\t\t\t\t\t<\/h3>\n\t\t\t\t\n\t\t\t\t\t\t\t\t\t<p class=\"elementor-icon-box-description\">\n\t\t\t\t\t\tkilom\u00e8tres\t\t\t\t\t<\/p>\n\t\t\t\t\n\t\t\t<\/div>\n\t\t\t\n\t\t<\/div>\n\t\t\t\t\t\t<\/div>\n\t\t\t\t<\/div>\n\t\t\t\t<div class=\"elementor-element elementor-element-9e4c151 elementor-widget__width-initial elementor-widget-mobile__width-initial elementor-view-default elementor-position-block-start elementor-mobile-position-block-start elementor-widget elementor-widget-icon-box\" data-id=\"9e4c151\" data-element_type=\"widget\" data-e-type=\"widget\" data-widget_type=\"icon-box.default\">\n\t\t\t\t<div class=\"elementor-widget-container\">\n\t\t\t\t\t\t\t<div class=\"elementor-icon-box-wrapper\">\n\n\t\t\t\t\t\t<div class=\"elementor-icon-box-icon\">\n\t\t\t\t<span  class=\"elementor-icon\">\n\t\t\t\t<svg xmlns=\"http:\/\/www.w3.org\/2000\/svg\" id=\"outline\" viewBox=\"0 0 340 340\"><title><\/title><path d=\"M18.567,106.965a4,4,0,0,0-2.72-5.238,4.117,4.117,0,0,0-4.859,2.669A35.1,35.1,0,0,0,9.6,109.407a28.64,28.64,0,0,0,6.041,23.83,29,29,0,0,0,17.6,10.221c-1.671,7.448-1.171,18.311,8.226,26.288a30.528,30.528,0,0,0,19.385,7.162A37.44,37.44,0,0,0,78.4,172.764c4.713,4.895,16.4,14.444,35.879,14.442a67.908,67.908,0,0,0,15.252-1.824c1.323.82,2.68,1.634,4.114,2.435a30.89,30.89,0,0,1,15.245,22.259c1.808,11.883,2.894,31.54-2.182,57.615-.1.458-10.273,45.941-39.677,60.434a4.006,4.006,0,0,0-1.847,5.306,4.12,4.12,0,0,0,3.764,2.282h20.8a4.116,4.116,0,0,0,4.153-3.607,4,4,0,0,0-3.981-4.393H122.1c23.867-20.044,32.05-56.572,32.448-58.409,5.312-27.284,4.159-47.922,2.257-60.431a38.945,38.945,0,0,0-19.254-28.041c-25.2-14.076-30.624-31.032-31.458-40.673a51.833,51.833,0,0,0,14.426,3.53c7.984,24.383,31.968,28.79,33.022,28.971a4,4,0,0,0,4.678-3.942c0-14.241-.618-29.418-1.121-39.425,9.929,1.333,32.345,2.886,49.449-6.758a26.8,26.8,0,0,0,13.339,13.987c-4.487,7.823-12.656,17.906-26.041,21.17-.3-4.347-.692-11.489-.782-19.388a4,4,0,0,0-4-3.967h-.046a3.954,3.954,0,0,0-3.955,3.993c.148,13.161,1.1,23.995,1.143,24.449a4,4,0,0,0,3.985,3.644,4.2,4.2,0,0,0,.5-.031c20.055-2.521,31.336-17.015,36.881-27.207a47.979,47.979,0,0,0,7.9,1.091c.6.034,1.17.04,1.748.051-.1.436-.2.871-.317,1.3a34.27,34.27,0,0,1-12.782,18.5,140.546,140.546,0,0,0-15.949,13.855c-10.568,10.893-15.2,21.981-15.018,35.953.651,50.213,15.247,81.479,27.377,98.866a103.939,103.939,0,0,0,16.752,18.912h-3.823a4.116,4.116,0,0,0-4.153,3.607,4,4,0,0,0,3.981,4.393h16.083a4.143,4.143,0,0,0,3.754-2.228,4.006,4.006,0,0,0-1.725-5.315c-.122-.065-12.384-6.667-24.628-24.408-11.345-16.438-25-46.077-25.619-93.931-.151-11.687,3.784-21.025,12.761-30.279a131.839,131.839,0,0,1,14.975-13,42.305,42.305,0,0,0,15.744-22.859c.355-1.331.638-2.686.862-4.051a32.542,32.542,0,0,0,23.64-19.026c7.167,1.978,23.121,5.254,38.377.68a4,4,0,0,0-2.3-7.662c-17.483,5.242-37.02-1.665-37.212-1.733l-.025-.007c-.009,0-.016-.008-.024-.011a40.517,40.517,0,0,1-17.314-12.059,4,4,0,0,0-6.39,4.813A48.054,48.054,0,0,0,261.531,117.9c-2.5,5.358-9.363,15.329-25.6,14.386-16.9-.983-21.454-10.3-22.645-14.426,4.437-3.842,13.886-14.034,10.5-28.93a4,4,0,0,0-7.8,1.773c3.057,13.449-8.842,21.887-9.361,22.247-.017.012-.029.027-.045.039s-.056.033-.082.052c-18.666,13.934-50.656,8.017-52.73,7.613-20.266-5.393-22.431-18.3-22.526-18.944a4,4,0,0,0-7.937,1.006c.091.738,2.418,17.507,25.691,24.873.454,8.657,1.057,22.318,1.192,35.807-6-2.218-16.169-7.651-21.17-19.809a37.231,37.231,0,0,0,6.136-1.235,4.117,4.117,0,0,0,2.957-4.685,4,4,0,0,0-5.063-3.035c-14.367,4.286-28.724-4.132-28.86-4.213-.02-.012-.042-.017-.062-.029a4.037,4.037,0,0,0-.507-.236c-.082-.033-.161-.077-.245-.105a4.188,4.188,0,0,0-.5-.114c-.1-.019-.2-.052-.311-.064l-.024,0a3.945,3.945,0,0,0-1.62.167l-.011,0c-27.255,8.725-36.589-7.619-36.959-8.293a4,4,0,0,0-3.142-2.111c-11.114-1.1-19.023-4.971-23.507-11.5-7.407-10.785-3.419-25.725-3.38-25.866a4,4,0,0,0,.014-2.107c-3.938-14.806.87-22.017,5.208-25.39a27.2,27.2,0,0,0,6.815,15.717,4,4,0,0,0,5.981-.015,4.159,4.159,0,0,0-.16-5.48A19.724,19.724,0,0,1,47.2,49.229c7.366-22.238,25.627-19.6,26.384-19.482a4,4,0,0,0,4.408-2.507c1.765-4.589,8.532-7.05,10.979-7.608.1-.022.2-.049.3-.079,9.5-2.9,16.921,2.923,17.214,3.158a4,4,0,0,0,5.085-.012c14.639-12.108,36.234-10.362,48.975-7.866a76.541,76.541,0,0,1-13.63,3.523,4.109,4.109,0,0,0-3.5,4.135,4,4,0,0,0,4.637,3.784c14.888-2.408,24.236-7.8,26.134-8.974,28.4-12.035,50.515,1.306,51.436,1.876a3.994,3.994,0,0,0,3.818.233c15.924-7.445,27.535-.576,28-.293a3.994,3.994,0,0,0,1.976.607c12.86.471,21.945,3.717,27,9.647A17.644,17.644,0,0,1,290.665,42c-.121.574-1.714,6.926-12.711,6.629a3.982,3.982,0,0,0-4.085,4.288,4.133,4.133,0,0,0,4.121,3.715c.2,0,.4,0,.6,0,10.549,0,16.088-4.906,18.518-9.337,7.166,2,12.421,5.526,15.646,10.52,5.787,8.962,3.335,19.994,3.312,20.091a4,4,0,0,0,.709,3.347,24.165,24.165,0,0,1,4.582,10.1,17.926,17.926,0,0,1-1.884,11.97,6.2,6.2,0,0,0-.11,5.176c2.2,4.266,5.121,11.91,2.634,19.175-1.962,5.732-7.054,10.447-15.134,14.015a4,4,0,0,0-2.223,2.533c-.251.858-6.478,20.923-34.41,14.586a4,4,0,0,0-3.991,1.379c-.139.171-14.171,17.1-35.66,13.173a4,4,0,0,0-4.7,3.581,4.137,4.137,0,0,0,3.493,4.33,44.4,44.4,0,0,0,7.792.7c17.362,0,29.356-10.495,33.606-14.877,28.045,5.291,38.285-12.821,40.85-18.781,9.337-4.451,15.372-10.515,17.949-18.044,3.2-9.342.205-18.591-2.5-24.233a25.875,25.875,0,0,0,2.144-16.2A31.841,31.841,0,0,0,324.2,77.874c.631-4.25,1.382-14.878-4.667-24.313C315.11,46.669,308.1,41.924,298.65,39.425a26,26,0,0,0-6.008-15.085c-6.413-7.642-17.164-11.869-31.966-12.57-3.6-1.876-16.316-7.286-32.72-.448a66.932,66.932,0,0,0-55.765-1.86c-7.482-2.334-40.472-11.233-63.348,5.24a27.515,27.515,0,0,0-21.778-2.84c-1.435.345-10.711,2.813-15.167,9.791-6.916-.113-23.861,2.023-31.73,23.426A25.28,25.28,0,0,0,28.146,55.508c-4,6.832-4.74,15.476-2.206,25.7-.949,4.193-3.551,19.288,4.723,31.4,5.6,8.194,14.832,13.159,27.462,14.773,3,4.057,11.576,13.2,28.02,13.2a52.415,52.415,0,0,0,11.869-1.451c.439,9.22,4.213,25.117,22.282,39.73-25.467,2.759-37.267-12.833-37.8-13.554a4,4,0,0,0-5.429-1.016,28.129,28.129,0,0,1-16.123,4.621,22.513,22.513,0,0,1-14.3-5.261c-10.317-8.757-4.637-21.573-4.4-22.1a4,4,0,0,0-3.695-5.69l-.432,0h-.035a21.009,21.009,0,0,1-16.268-7.708,20.666,20.666,0,0,1-4.372-17.191A26.894,26.894,0,0,1,18.567,106.965Z\"><\/path><path d=\"M194.834,331.713a4,4,0,0,0,4,4h15.858a4.015,4.015,0,0,0,.757-.076c.092-.018.177-.049.265-.073a3.857,3.857,0,0,0,.455-.141c.1-.04.2-.092.293-.141a3.7,3.7,0,0,0,.371-.2c.1-.065.2-.14.291-.214.073-.056.151-.1.221-.162.029-.026.049-.057.078-.084a4.212,4.212,0,0,0,.293-.318c.079-.092.16-.181.23-.279a3.836,3.836,0,0,0,.2-.338c.064-.111.131-.22.183-.335s.088-.238.13-.359.087-.249.117-.378.039-.237.056-.357a3.871,3.871,0,0,0,.043-.429c0-.039.012-.076.012-.115,0-.082-.02-.159-.024-.24a4.12,4.12,0,0,0-.044-.43,3.739,3.739,0,0,0-.085-.366,3.782,3.782,0,0,0-.118-.38,3.68,3.68,0,0,0-.164-.362c-.056-.112-.112-.222-.179-.33a4.164,4.164,0,0,0-.253-.351c-.05-.063-.086-.134-.141-.195-19.834-22.361-25-66.73-25.055-67.175a4,4,0,0,0-7.95.888c.2,1.756,4.627,39.872,21.848,64.941h-7.692A4,4,0,0,0,194.834,331.713Z\"><\/path><path d=\"M143.166,328.381l-.009.007a4.011,4.011,0,0,0-.609.5c-.081.081-.142.174-.215.26a3.952,3.952,0,0,0-.278.342,3.752,3.752,0,0,0-.179.33,2.16,2.16,0,0,0-.309.743c-.036.119-.083.233-.108.356a4.02,4.02,0,0,0-.079.782v.012c0,.065.016.126.019.191a3.985,3.985,0,0,0,.059.585c.025.128.072.248.109.372a2.669,2.669,0,0,0,.393.9c.032.055.052.113.088.167l.008.011c.013.019.028.035.04.053a4.025,4.025,0,0,0,.405.49c.033.035.067.07.1.1a3.985,3.985,0,0,0,.529.437l.051.03a3.93,3.93,0,0,0,.559.3c.045.02.089.042.136.061a3.979,3.979,0,0,0,.637.2c.05.011.1.018.151.027a3.99,3.99,0,0,0,.708.072H173.86a4,4,0,0,0,.755-.076c.09-.017.175-.048.263-.071a3.922,3.922,0,0,0,.455-.142c.1-.039.193-.09.289-.137a4.112,4.112,0,0,0,.374-.2c.1-.063.19-.135.283-.206.072-.055.149-.1.218-.158s.124-.119.189-.177l0,0c10.813-9.742,9.035-29.447,8.953-30.286a4,4,0,0,0-7.962.77c.414,4.381.151,16.5-5.469,22.688H156.338c20.389-21.254,20.05-55.534,20.022-57.1V216.928a4,4,0,0,0-8,0v53.759C168.368,271.091,168.785,311.366,143.166,328.381Z\"><\/path><path d=\"M130.733,19.429a4,4,0,1,0,0,8h.012a4,4,0,1,0,.027-8Z\"><\/path><path d=\"M172.36,198.535a4,4,0,0,0,4-4v-1.591a4,4,0,1,0-8,0v1.591A4,4,0,0,0,172.36,198.535Z\"><\/path><\/svg>\t\t\t\t<\/span>\n\t\t\t<\/div>\n\t\t\t\n\t\t\t\t\t\t<div class=\"elementor-icon-box-content\">\n\n\t\t\t\t\t\t\t\t\t<h3 class=\"elementor-icon-box-title\">\n\t\t\t\t\t\t<span  >\n\t\t\t\t\t\t\t3832\t\t\t\t\t\t<\/span>\n\t\t\t\t\t<\/h3>\n\t\t\t\t\n\t\t\t\t\t\t\t\t\t<p class=\"elementor-icon-box-description\">\n\t\t\t\t\t\tArbres\t\t\t\t\t<\/p>\n\t\t\t\t\n\t\t\t<\/div>\n\t\t\t\n\t\t<\/div>\n\t\t\t\t\t\t<\/div>\n\t\t\t\t<\/div>\n\t\t\t\t<div class=\"elementor-element elementor-element-3f9c196 elementor-widget__width-initial elementor-widget-mobile__width-initial elementor-view-default elementor-position-block-start elementor-mobile-position-block-start elementor-widget elementor-widget-icon-box\" data-id=\"3f9c196\" data-element_type=\"widget\" data-e-type=\"widget\" data-widget_type=\"icon-box.default\">\n\t\t\t\t<div class=\"elementor-widget-container\">\n\t\t\t\t\t\t\t<div class=\"elementor-icon-box-wrapper\">\n\n\t\t\t\t\t\t<div class=\"elementor-icon-box-icon\">\n\t\t\t\t<span  class=\"elementor-icon\">\n\t\t\t\t<svg xmlns=\"http:\/\/www.w3.org\/2000\/svg\" viewBox=\"0 0 1920 1920\"><style>        .st0{fill:#fff}.st1{fill:none;stroke:#231f20;stroke-width:50;stroke-linecap:round;stroke-linejoin:round;stroke-miterlimit:10}    <\/style><path class=\"st0\" d=\"M1345 1019.8c70.6 0 127.8 57.2 127.8 127.8s-57.2 127.8-127.8 127.8-127.8-57.2-127.8-127.8 57.2-127.8 127.8-127.8zm-969 127.8c0 70.6 57.2 127.8 127.8 127.8s127.8-57.2 127.8-127.8-57.2-127.8-127.8-127.8S376 1077 376 1147.6z\" id=\"Layer_11\"><\/path><path class=\"st0\" d=\"M842 1147.6H631.6c0-70.6-57.2-127.8-127.8-127.8S376 1077 376 1147.6c-97.1 0-159-64.1-159-142.4v-76.6c0-36.2 29.6-65.8 65.7-65.8h119.6C477 731.1 575.4 644.6 715.1 644.6h232.8c44.3 0 87.5 12.7 124.7 36.4 12.3 7.9 24.9 15.5 37.7 22.4l224.1 121.1 252.8 38.3c55.2 0 101.4 38.6 113 90.4h-134.7v89h135.1c-9.8 60.4-48.6 105.4-113.4 105.4h-114.3c0-70.6-57.2-127.8-127.8-127.8s-127.8 57.2-127.8 127.8H842zm324.9-273.9c24.4 0 33-31.3 11.8-43L997.5 730.5c-13.5-7.5-28.8-11.4-44.3-11.4H711.6c-9.2 0-21.6 2.4-35.6 6.3-62 17.5-115.8 55.4-152.8 106.6L501 862.7c-3.3 4.6 0 11.1 5.7 11.1h660.2z\" id=\"Layer_12\"><\/path><path class=\"st0\" d=\"M1178.7 830.8c21.2 11.7 12.6 43-11.8 43H842V719.1h111.2c15.6 0 30.8 3.9 44.3 11.4l181.2 100.3zM711.6 719.1c-9.2 0-21.6 2.4-35.6 6.3-62 17.5-115.8 55.4-152.8 106.6L501 862.7c-3.3 4.6 0 11.1 5.7 11.1H842V719.1H711.6z\" id=\"Layer_13\"><\/path><path class=\"st0\" d=\"M1703.1 978.7v31.8c0 10.9-.8 21.6-2.5 31.7h-135.1v-89h134.7c1.9 8.2 2.9 16.8 2.9 25.5z\" id=\"Layer_14\"><\/path><g id=\"STROKES\"><path class=\"st1\" d=\"M1472.8 1147.6h114.3c64.8 0 103.5-44.9 113.4-105.4 1.7-10.2 2.5-20.8 2.5-31.7v-31.8c0-8.8-1-17.3-2.8-25.5-11.6-51.7-57.8-90.4-113-90.4l-252.8-38.3-224.1-121.1c-12.9-7-25.4-14.6-37.7-22.4-37.1-23.7-80.4-36.4-124.7-36.4H715.1c-139.7 0-238.1 86.5-312.8 218.2H282.7c-36.2 0-65.7 29.6-65.7 65.8v76.6c0 78.3 61.9 142.4 159 142.4\"><\/path><path class=\"st1\" d=\"M631.6 1147.6h585.6\"><\/path><path class=\"st1\" d=\"M1472.8 1147.6c0 70.6-57.2 127.8-127.8 127.8s-127.8-57.2-127.8-127.8 57.2-127.8 127.8-127.8 127.8 57.2 127.8 127.8z\"><\/path><circle class=\"st1\" cx=\"503.8\" cy=\"1147.6\" r=\"127.8\"><\/circle><path class=\"st1\" d=\"M842 719.1H711.6c-9.2 0-21.6 2.4-35.6 6.3-62 17.5-115.8 55.4-152.8 106.6L501 862.7c-3.3 4.6 0 11.1 5.7 11.1h660.2c24.4 0 33-31.3 11.8-43L997.5 730.5c-13.5-7.5-28.8-11.4-44.3-11.4H842z\"><\/path><path class=\"st1\" d=\"M842 719.1v154.6\"><\/path><path class=\"st1\" d=\"M842 963.1v184.5\"><\/path><path class=\"st1\" d=\"M1700.6 1042.2h-135.1v-89h134.7\"><\/path><\/g><\/svg>\t\t\t\t<\/span>\n\t\t\t<\/div>\n\t\t\t\n\t\t\t\t\t\t<div class=\"elementor-icon-box-content\">\n\n\t\t\t\t\t\t\t\t\t<h3 class=\"elementor-icon-box-title\">\n\t\t\t\t\t\t<span  >\n\t\t\t\t\t\t\t599.705\t\t\t\t\t\t<\/span>\n\t\t\t\t\t<\/h3>\n\t\t\t\t\n\t\t\t\t\t\t\t\t\t<p class=\"elementor-icon-box-description\">\n\t\t\t\t\t\tKilom\u00e8tres\t\t\t\t\t<\/p>\n\t\t\t\t\n\t\t\t<\/div>\n\t\t\t\n\t\t<\/div>\n\t\t\t\t\t\t<\/div>\n\t\t\t\t<\/div>\n\t\t\t\t<\/div>\n\t\t\t\t<\/div>\n\t\t\t\t\t<\/div>\n\t\t\t\t<\/div>\n\t\t\t\t<\/div>\n\t\t","protected":false},"excerpt":{"rendered":"<p>(01) Durabilit\u00e9 Nous prenons soin de la nature. Pour nous, la durabilit\u00e9 est une valeur, une opportunit\u00e9 de prot\u00e9ger l&rsquo;environnement. Nous travaillons dans une optique de production durable, ce qui nous a permis d&rsquo;obtenir la certification FSC-C 111834, ou Responsible Forest Stewardship, qui garantit que les for\u00eats et les plantations sont g\u00e9r\u00e9es selon des normes [&hellip;]<\/p>\n","protected":false},"author":2,"featured_media":0,"parent":0,"menu_order":0,"comment_status":"closed","ping_status":"closed","template":"","meta":{"footnotes":""},"class_list":["post-1462","page","type-page","status-publish","hentry"],"_links":{"self":[{"href":"https:\/\/www.grafichestella.it\/fr\/wp-json\/wp\/v2\/pages\/1462","targetHints":{"allow":["GET"]}}],"collection":[{"href":"https:\/\/www.grafichestella.it\/fr\/wp-json\/wp\/v2\/pages"}],"about":[{"href":"https:\/\/www.grafichestella.it\/fr\/wp-json\/wp\/v2\/types\/page"}],"author":[{"embeddable":true,"href":"https:\/\/www.grafichestella.it\/fr\/wp-json\/wp\/v2\/users\/2"}],"replies":[{"embeddable":true,"href":"https:\/\/www.grafichestella.it\/fr\/wp-json\/wp\/v2\/comments?post=1462"}],"version-history":[{"count":16,"href":"https:\/\/www.grafichestella.it\/fr\/wp-json\/wp\/v2\/pages\/1462\/revisions"}],"predecessor-version":[{"id":1799,"href":"https:\/\/www.grafichestella.it\/fr\/wp-json\/wp\/v2\/pages\/1462\/revisions\/1799"}],"wp:attachment":[{"href":"https:\/\/www.grafichestella.it\/fr\/wp-json\/wp\/v2\/media?parent=1462"}],"curies":[{"name":"wp","href":"https:\/\/api.w.org\/{rel}","templated":true}]}}