{"id":1395,"date":"2024-01-09T08:44:49","date_gmt":"2024-01-09T08:44:49","guid":{"rendered":"https:\/\/www.grafichestella.it\/impressions-industrielles-personnalisees\/"},"modified":"2024-05-23T11:45:23","modified_gmt":"2024-05-23T11:45:23","slug":"impressions-industrielles-personnalisees","status":"publish","type":"page","link":"https:\/\/www.grafichestella.it\/fr\/","title":{"rendered":"Impressions industrielles personnalis\u00e9es"},"content":{"rendered":"\t\t<div data-elementor-type=\"wp-page\" data-elementor-id=\"1395\" class=\"elementor elementor-1395\" data-elementor-post-type=\"page\">\n\t\t\t\t<div class=\"elementor-element elementor-element-c2b3e25 e-con-full e-flex e-con e-parent\" data-id=\"c2b3e25\" data-element_type=\"container\" data-e-type=\"container\" data-settings=\"{&quot;background_background&quot;:&quot;video&quot;,&quot;background_video_link&quot;:&quot;https:\\\/\\\/www.grafichestella.it\\\/wp-content\\\/uploads\\\/2024\\\/02\\\/Grafiche-Stella-Header_Home-V2.mp4&quot;,&quot;background_play_on_mobile&quot;:&quot;yes&quot;,&quot;sticky&quot;:&quot;top&quot;,&quot;sticky_parent&quot;:&quot;yes&quot;,&quot;sticky_effects_offset&quot;:99,&quot;sticky_on&quot;:[&quot;desktop&quot;,&quot;tablet&quot;,&quot;mobile&quot;],&quot;sticky_offset&quot;:0}\">\n\t\t<div class=\"elementor-background-video-container\">\n\t\t\t\t\t\t\t<video class=\"elementor-background-video-hosted\" role=\"presentation\" autoplay muted playsinline loop><\/video>\n\t\t\t\t\t<\/div>\t\t<div class=\"elementor-element elementor-element-4aae1d7 elementor-hidden-desktop elementor-hidden-tablet elementor-hidden-mobile elementor-widget elementor-widget-heading\" data-id=\"4aae1d7\" data-element_type=\"widget\" data-e-type=\"widget\" data-widget_type=\"heading.default\">\n\t\t\t\t<div class=\"elementor-widget-container\">\n\t\t\t\t\t<div class=\"elementor-heading-title elementor-size-default\">IMPRESSION INDUSTRIELLES<br>PERSONNALIS\u00c9ES<\/div>\t\t\t\t<\/div>\n\t\t\t\t<\/div>\n\t\t\t\t<div class=\"elementor-element elementor-element-518b711 elementor-hidden-desktop elementor-hidden-tablet elementor-hidden-mobile elementor-widget elementor-widget-heading\" data-id=\"518b711\" data-element_type=\"widget\" data-e-type=\"widget\" data-widget_type=\"heading.default\">\n\t\t\t\t<div class=\"elementor-widget-container\">\n\t\t\t\t\t<h2 class=\"elementor-heading-title elementor-size-default\">pour vos besoins de production<\/h2>\t\t\t\t<\/div>\n\t\t\t\t<\/div>\n\t\t\t\t<\/div>\n\t\t<div class=\"elementor-element elementor-element-c3f0303 e-flex e-con-boxed e-con e-parent\" data-id=\"c3f0303\" data-element_type=\"container\" data-e-type=\"container\" data-settings=\"{&quot;background_background&quot;:&quot;classic&quot;}\">\n\t\t\t\t\t<div class=\"e-con-inner\">\n\t\t<div class=\"elementor-element elementor-element-93ffb16 e-flex e-con-boxed e-con e-child\" data-id=\"93ffb16\" data-element_type=\"container\" data-e-type=\"container\">\n\t\t\t\t\t<div class=\"e-con-inner\">\n\t\t<div class=\"elementor-element elementor-element-f908508 e-con-full e-flex e-con e-child\" data-id=\"f908508\" data-element_type=\"container\" data-e-type=\"container\">\n\t\t\t\t<div class=\"elementor-element elementor-element-c2227b5 elementor-widget elementor-widget-heading\" data-id=\"c2227b5\" data-element_type=\"widget\" data-e-type=\"widget\" data-widget_type=\"heading.default\">\n\t\t\t\t<div class=\"elementor-widget-container\">\n\t\t\t\t\t<div class=\"elementor-heading-title elementor-size-default\">(01)<\/div>\t\t\t\t<\/div>\n\t\t\t\t<\/div>\n\t\t\t\t<\/div>\n\t\t<div class=\"elementor-element elementor-element-a3362b3 e-con-full e-flex e-con e-child\" data-id=\"a3362b3\" data-element_type=\"container\" data-e-type=\"container\">\n\t\t\t\t<div class=\"elementor-element elementor-element-a5d5a09 elementor-widget elementor-widget-heading\" data-id=\"a5d5a09\" data-element_type=\"widget\" data-e-type=\"widget\" data-widget_type=\"heading.default\">\n\t\t\t\t<div class=\"elementor-widget-container\">\n\t\t\t\t\t<h1 class=\"elementor-heading-title elementor-size-default\">IMPRESSION INDUSTRIELLES PERSONNALIS\u00c9ES<\/h1>\t\t\t\t<\/div>\n\t\t\t\t<\/div>\n\t\t\t\t<div class=\"elementor-element elementor-element-21d2cb2 elementor-widget elementor-widget-ucaddon_uc_scroll_reveal_text\" data-id=\"21d2cb2\" data-element_type=\"widget\" data-e-type=\"widget\" data-widget_type=\"ucaddon_uc_scroll_reveal_text.default\">\n\t\t\t\t<div class=\"elementor-widget-container\">\n\t\t\t\t\t\n<!-- start Scroll Text Reveal -->\n\t\t<link id='uc_ac_assets_file_aos_css_26053-css' href='https:\/\/www.grafichestella.it\/wp-content\/uploads\/ac_assets\/uc_scroll_reveal_text\/aos.css' type='text\/css' rel='stylesheet' >\n\t\t<link id='uc_ac_assets_file_uc_scroll_reveal_text_css_3698-css' href='https:\/\/www.grafichestella.it\/wp-content\/uploads\/ac_assets\/uc_scroll_reveal_text\/uc_scroll_reveal_text.css' type='text\/css' rel='stylesheet' >\n\n<style>\/* widget: Scroll Text Reveal *\/\n\n#uc_uc_scroll_reveal_text_elementor_21d2cb2.uc_scroll_reveal_text {\n    text-align: left;\n}\n#uc_uc_scroll_reveal_text_elementor_21d2cb2 .uc_reveal_holder .uc_reveal-block {\n    background: #FFE600;\n}\n#uc_uc_scroll_reveal_text_elementor_21d2cb2 .uc_reveal_holder .uc_reveal-block::before{\n  \tbackground: #333333;\n}\n\n<\/style>\n\n<section class=\"uc_scroll_reveal_text\" id=\"uc_uc_scroll_reveal_text_elementor_21d2cb2\">\n    <div class=\"uc_reveal_holder\" data-aos=\"reveal-item\" >\n        <div class=\"uc_reveal-block left\" data-aos=\"reveal-left\" data-aos-delay=\"300\"\n             \t \n          \t data-aos-once=\"true\">\n          \t \t\n        <\/div>\n        <h2 class=\"ue_scroll_reveal_text_inside\"><span  class=\"uc_style_uc_scroll_reveal_text_elementor_title\" style=\"color:#171616;\">D\u2019HABITUDE LES REVOLUTIONS ESSAIENT DE CHANGER LE MONDE, LA NOTRE VEUT LE GARDER<\/span><\/h2>\n    <\/div>\n<\/section>\n<!-- end Scroll Text Reveal -->\t\t\t\t<\/div>\n\t\t\t\t<\/div>\n\t\t\t\t<div class=\"elementor-element elementor-element-45af519 elementor-widget elementor-widget-text-editor\" data-id=\"45af519\" data-element_type=\"widget\" data-e-type=\"widget\" data-widget_type=\"text-editor.default\">\n\t\t\t\t<div class=\"elementor-widget-container\">\n\t\t\t\t\t\t\t\t\t<p>Fond\u00e9 en 1972, Grafiche Stella est une entreprise familiale qui est devenue d\u00e9sormais une importante et forte r\u00e9alit\u00e9 industrielle dont la mission a toujours \u00e9t\u00e9 la qualit\u00e9 et la satisfaction du client avec l\u2019impression commerciale, \u00e9ditoriale et d\u2019emballage d\u2019excellente qualit\u00e9.<br \/>Notre imprimerie a deux \u00e2mes: le savoir-faire artisanal et un fort esprit d\u2019innovation, ayant conscience que les nouveaux moyens techniques sont les alli\u00e9s du professionnalisme comme en t\u00e9moignent les nombreux investissement des derni\u00e8res ann\u00e9es.<\/p>\t\t\t\t\t\t\t\t<\/div>\n\t\t\t\t<\/div>\n\t\t\t\t<div class=\"elementor-element elementor-element-5325864 elementor-widget elementor-widget-button\" data-id=\"5325864\" data-element_type=\"widget\" data-e-type=\"widget\" data-widget_type=\"button.default\">\n\t\t\t\t<div class=\"elementor-widget-container\">\n\t\t\t\t\t\t\t\t\t<div class=\"elementor-button-wrapper\">\n\t\t\t\t\t<a class=\"elementor-button elementor-button-link elementor-size-sm elementor-animation-hang\" href=\"https:\/\/www.grafichestella.it\/fr\/a-propos-de-nous\/\">\n\t\t\t\t\t\t<span class=\"elementor-button-content-wrapper\">\n\t\t\t\t\t\t<span class=\"elementor-button-icon\">\n\t\t\t\t<svg aria-hidden=\"true\" class=\"e-font-icon-svg e-fas-arrow-right\" viewBox=\"0 0 448 512\" xmlns=\"http:\/\/www.w3.org\/2000\/svg\"><path d=\"M190.5 66.9l22.2-22.2c9.4-9.4 24.6-9.4 33.9 0L441 239c9.4 9.4 9.4 24.6 0 33.9L246.6 467.3c-9.4 9.4-24.6 9.4-33.9 0l-22.2-22.2c-9.5-9.5-9.3-25 .4-34.3L311.4 296H24c-13.3 0-24-10.7-24-24v-32c0-13.3 10.7-24 24-24h287.4L190.9 101.2c-9.8-9.3-10-24.8-.4-34.3z\"><\/path><\/svg>\t\t\t<\/span>\n\t\t\t\t\t\t\t\t\t<span class=\"elementor-button-text\">D\u00c9COUVREZ NOTRE HISTOIRE<\/span>\n\t\t\t\t\t<\/span>\n\t\t\t\t\t<\/a>\n\t\t\t\t<\/div>\n\t\t\t\t\t\t\t\t<\/div>\n\t\t\t\t<\/div>\n\t\t\t\t<\/div>\n\t\t\t\t\t<\/div>\n\t\t\t\t<\/div>\n\t\t\t\t\t<\/div>\n\t\t\t\t<\/div>\n\t\t<div class=\"elementor-element elementor-element-512070c e-flex e-con-boxed e-con e-parent\" data-id=\"512070c\" data-element_type=\"container\" data-e-type=\"container\" data-settings=\"{&quot;background_background&quot;:&quot;classic&quot;}\">\n\t\t\t\t\t<div class=\"e-con-inner\">\n\t\t<div class=\"elementor-element elementor-element-7a32034 e-con-full e-flex e-con e-child\" data-id=\"7a32034\" data-element_type=\"container\" data-e-type=\"container\">\n\t\t\t\t<div class=\"elementor-element elementor-element-2875975 elementor-widget elementor-widget-heading\" data-id=\"2875975\" data-element_type=\"widget\" data-e-type=\"widget\" data-widget_type=\"heading.default\">\n\t\t\t\t<div class=\"elementor-widget-container\">\n\t\t\t\t\t<h3 class=\"elementor-heading-title elementor-size-default\">(02)<\/h3>\t\t\t\t<\/div>\n\t\t\t\t<\/div>\n\t\t\t\t<\/div>\n\t\t<div class=\"elementor-element elementor-element-cebdf9c e-con-full e-flex e-con e-child\" data-id=\"cebdf9c\" data-element_type=\"container\" data-e-type=\"container\">\n\t\t\t\t<div class=\"elementor-element elementor-element-79d29e1 elementor-widget__width-initial elementor-widget elementor-widget-heading\" data-id=\"79d29e1\" data-element_type=\"widget\" data-e-type=\"widget\" data-widget_type=\"heading.default\">\n\t\t\t\t<div class=\"elementor-widget-container\">\n\t\t\t\t\t<div class=\"elementor-heading-title elementor-size-default\">INNOVATION SIGNIFIE POUR NOUS TRADITION <\/div>\t\t\t\t<\/div>\n\t\t\t\t<\/div>\n\t\t\t\t<div class=\"elementor-element elementor-element-dcf11c8 elementor-widget elementor-widget-text-editor\" data-id=\"dcf11c8\" data-element_type=\"widget\" data-e-type=\"widget\" data-widget_type=\"text-editor.default\">\n\t\t\t\t<div class=\"elementor-widget-container\">\n\t\t\t\t\t\t\t\t\t<p>Passion, flexibilit\u00e9 et exp\u00e9rience sont les ingr\u00e9dients que nous utilisons pendant le cycle de production et qui ont caract\u00e9ris\u00e9 Grafiche Stella au cours de son histoire. Le support que nous fournissons est soutenu par un parc machine de derni\u00e8re g\u00e9n\u00e9ration et par une organisation soign\u00e9e dans les moindres d\u00e9tails. Chaque passage est enrichi par notre connaissance et notre expertise, tr\u00e8s appr\u00e9ci\u00e9s par nos clients. M\u00eame si l\u2019av\u00e8nement de l\u2019\u00e9lectronique a permis de combler les limites techniques, notre expertise joue un r\u00f4le essentiel dans notre travail. Pour nous l\u2019exp\u00e9rience signifie porter dans le pr\u00e9sent ce que nous avons appris du pass\u00e9 pour concevoir l\u2019avenir.<\/p>\t\t\t\t\t\t\t\t<\/div>\n\t\t\t\t<\/div>\n\t\t\t\t<\/div>\n\t\t\t\t\t<\/div>\n\t\t\t\t<\/div>\n\t\t<div class=\"elementor-element elementor-element-de72569 e-con-full e-flex e-con e-parent\" data-id=\"de72569\" data-element_type=\"container\" data-e-type=\"container\" data-settings=\"{&quot;background_background&quot;:&quot;classic&quot;}\">\n\t\t<div class=\"elementor-element elementor-element-581e53d e-con-full e-flex e-con e-child\" data-id=\"581e53d\" data-element_type=\"container\" data-e-type=\"container\">\n\t\t\t\t<div class=\"elementor-element elementor-element-3b28f28 elementor-hidden-tablet elementor-hidden-mobile elementor-widget elementor-widget-ucaddon_image_accodion\" data-id=\"3b28f28\" data-element_type=\"widget\" data-e-type=\"widget\" data-widget_type=\"ucaddon_image_accodion.default\">\n\t\t\t\t<div class=\"elementor-widget-container\">\n\t\t\t\t\t\n<!-- start Image Accordion -->\n\t\t<link id='font-awesome-css' href='https:\/\/www.grafichestella.it\/wp-content\/plugins\/unlimited-elements-for-elementor-premium\/assets_libraries\/font-awesome6\/fontawesome-all.min.css' type='text\/css' rel='stylesheet' >\n\t\t<link id='font-awesome-4-shim-css' href='https:\/\/www.grafichestella.it\/wp-content\/plugins\/unlimited-elements-for-elementor-premium\/assets_libraries\/font-awesome6\/fontawesome-v4-shims.min.css' type='text\/css' rel='stylesheet' >\n\n<style>\/* widget: Image Accordion *\/\n\n\n\n#uc_image_accodion_elementor_3b28f28 * { \n\tbox-sizing: border-box; \n}\n#uc_image_accodion_elementor_3b28f28.uc_image_accodion .uc_content .uc_image_accodion_holder{\n\n  \ttransition: 1s;\n}\n\n#uc_image_accodion_elementor_3b28f28  a.uc_more_btn\n{\n  display:inline-block;\n  text-decoration:none; \n}\n\n#uc_image_accodion_elementor_3b28f28 .uc_content{\n\tdisplay: flex;\n\tflex-wrap: wrap;\n    transform:rotate(0deg);\n}\n\n#uc_image_accodion_elementor_3b28f28 .uc_content .uc_image_accodion_holder{\n\tdisplay: block;\n\tbackground-repeat: no-repeat;\n\tflex: 1;\n\ttext-align: center;\n\tposition: relative;\n\ttext-decoration: none;\n\ttransition: 1s;\n    overflow:hidden;\n    transform:skew(0deg);\n}\n#uc_image_accodion_elementor_3b28f28 .uc_content .uc_image_accodion_holder.uc_hover{\n\tflex: 2;\n}\n\n\n#uc_image_accodion_elementor_3b28f28 .uc_content .uc_image_accodion_holder .uc_overlay > * {\n    transform:skew(-0deg) rotate(-0deg);\n\n\n}\n#uc_image_accodion_elementor_3b28f28 .uc_content .uc_image_accodion_holder .uc_overlay {\n    display: flex;\n    justify-content: center;\n    position: absolute;\n    top: 0;\n    right: 0;\n    bottom: 0;\n    left: 0;\n    transition:1s;\n\n}\n\n#uc_image_accodion_elementor_3b28f28 .uc_content .uc_overlay .uc_overlay_inner {\n    z-index: 1;\n}\n#uc_image_accodion_elementor_3b28f28 .uc_content .uc_overlay .uc_overlay_inner h2 {\n   \n\topacity: 0;\n    visibility: hidden;\n}\n\n#uc_image_accodion_elementor_3b28f28 .uc_content .uc_image_accodion_holder.uc_hover .uc_overlay .uc_overlay_inner h2 {\n    opacity: 1;\n    visibility: visible;\n    transform: none;\n    transition: 1s;\n}\n\n\n#uc_image_accodion_elementor_3b28f28 .uc_content .uc_overlay .uc_overlay_inner div.ue-content {\n\ttransform: translate3d(0,60px,0);\n\topacity: 0;\n    visibility: hidden;\n}\n\n#uc_image_accodion_elementor_3b28f28 .uc_content .uc_image_accodion_holder.uc_hover .uc_overlay .uc_overlay_inner div.ue-content {\n    opacity: 1;\n    visibility: visible;\n    transform: none;\n    transition: 1s;\n}\n\n\n\n@media only screen and (max-width:800px){\n  #uc_image_accodion_elementor_3b28f28 .uc_content {flex-direction: column;}\n}\n\n\n#uc_image_accodion_elementor_3b28f28 .ue_item_icon\n{\n  line-height:1em;\n}\n\n#uc_image_accodion_elementor_3b28f28 .ue_item_icon svg\n{\n  height:1em;\n  width:1em;\n}\n\n#uc_image_accodion_elementor_3b28f28 .ue_subtitle\n{\n  display:block;\n}\n\n<\/style>\n\n<div class=\"uc_image_accodion  \" id=\"uc_image_accodion_elementor_3b28f28\" data-mobilestart=\"\"  >\n  <div class=\"uc_content uc-items-wrapper\">\n    \n<div class=\"uc_image_accodion_holder \"  style=\"overflow:hidden;background-image: url(https:\/\/www.grafichestella.it\/wp-content\/uploads\/2024\/02\/prestampa.jpeg); background-position:center center; background-size:cover;\" >\n  <div class=\"uc_overlay\">\n    <div class=\"uc_overlay_inner\">\n                        <div class=\"ue_title\"> Pr\u00e9-presse <\/div>\t\n             \n             \n                          <div class=\"ue-content\"> \n                          <a href=\"\/fr\/services\/#prepresse\" class=\"uc_more_btn\" >En savoir plus<\/a>             <\/div>\n                           \n          \n                 \t\t\n    <\/div>\n  <\/div>\n<\/div>\n\n<div class=\"uc_image_accodion_holder \"  style=\"overflow:hidden;background-image: url(https:\/\/www.grafichestella.it\/wp-content\/uploads\/2024\/02\/stampa-digitale.jpeg); background-position:center center; background-size:cover;\" >\n  <div class=\"uc_overlay\">\n    <div class=\"uc_overlay_inner\">\n                        <div class=\"ue_title\"> Impression num\u00e9rique <\/div>\t\n             \n             \n                          <div class=\"ue-content\"> \n                          <a href=\"\/fr\/services\/#impressionnumerique\" class=\"uc_more_btn\" >En savoir plus<\/a>             <\/div>\n                           \n          \n                 \t\t\n    <\/div>\n  <\/div>\n<\/div>\n\n<div class=\"uc_image_accodion_holder \"  style=\"overflow:hidden;background-image: url(https:\/\/www.grafichestella.it\/wp-content\/uploads\/2024\/02\/offset.jpeg); background-position:center center; background-size:cover;\" >\n  <div class=\"uc_overlay\">\n    <div class=\"uc_overlay_inner\">\n                        <div class=\"ue_title\"> Impression Offset <\/div>\t\n             \n             \n                          <div class=\"ue-content\"> \n                          <a href=\"\/fr\/services\/#impressionoffset\" class=\"uc_more_btn\" >En savoir plus<\/a>             <\/div>\n                           \n          \n                 \t\t\n    <\/div>\n  <\/div>\n<\/div>\n\n<div class=\"uc_image_accodion_holder \"  style=\"overflow:hidden;background-image: url(https:\/\/www.grafichestella.it\/wp-content\/uploads\/2024\/02\/servizi-confezione.jpeg); background-position:center center; background-size:cover;\" >\n  <div class=\"uc_overlay\">\n    <div class=\"uc_overlay_inner\">\n                        <div class=\"ue_title\"> Reliure <\/div>\t\n             \n             \n                          <div class=\"ue-content\"> \n                          <a href=\"\/fr\/services\/#reliure\" class=\"uc_more_btn\" >En savoir plus<\/a>             <\/div>\n                           \n          \n                 \t\t\n    <\/div>\n  <\/div>\n<\/div>\n\n<div class=\"uc_image_accodion_holder \"  style=\"overflow:hidden;background-image: url(https:\/\/www.grafichestella.it\/wp-content\/uploads\/2024\/02\/logistica.jpeg); background-position:center center; background-size:cover;\" >\n  <div class=\"uc_overlay\">\n    <div class=\"uc_overlay_inner\">\n                        <div class=\"ue_title\"> Logistique <\/div>\t\n             \n             \n                          <div class=\"ue-content\"> \n                          <a href=\"\/fr\/services\/#logistique\" class=\"uc_more_btn\" >En savoir plus<\/a>             <\/div>\n                           \n          \n                 \t\t\n    <\/div>\n  <\/div>\n<\/div>\n\n  <\/div>\n<\/div>\n<!-- end Image Accordion -->\t\t\t\t<\/div>\n\t\t\t\t<\/div>\n\t\t<div class=\"elementor-element elementor-element-958133e elementor-hidden-desktop e-flex e-con-boxed e-con e-child\" data-id=\"958133e\" data-element_type=\"container\" data-e-type=\"container\" data-settings=\"{&quot;background_background&quot;:&quot;classic&quot;}\">\n\t\t\t\t\t<div class=\"e-con-inner\">\n\t\t\t\t<div class=\"elementor-element elementor-element-69e2845 elementor-widget elementor-widget-heading\" data-id=\"69e2845\" data-element_type=\"widget\" data-e-type=\"widget\" data-widget_type=\"heading.default\">\n\t\t\t\t<div class=\"elementor-widget-container\">\n\t\t\t\t\t<p class=\"elementor-heading-title elementor-size-default\">Pr\u00e9-presse<\/p>\t\t\t\t<\/div>\n\t\t\t\t<\/div>\n\t\t\t\t<div class=\"elementor-element elementor-element-64fa0f5 elementor-widget elementor-widget-button\" data-id=\"64fa0f5\" data-element_type=\"widget\" data-e-type=\"widget\" data-widget_type=\"button.default\">\n\t\t\t\t<div class=\"elementor-widget-container\">\n\t\t\t\t\t\t\t\t\t<div class=\"elementor-button-wrapper\">\n\t\t\t\t\t<a class=\"elementor-button elementor-button-link elementor-size-sm\" href=\"\/fr\/services\/#prepresse\">\n\t\t\t\t\t\t<span class=\"elementor-button-content-wrapper\">\n\t\t\t\t\t\t\t\t\t<span class=\"elementor-button-text\">En savoir plus<\/span>\n\t\t\t\t\t<\/span>\n\t\t\t\t\t<\/a>\n\t\t\t\t<\/div>\n\t\t\t\t\t\t\t\t<\/div>\n\t\t\t\t<\/div>\n\t\t\t\t\t<\/div>\n\t\t\t\t<\/div>\n\t\t<div class=\"elementor-element elementor-element-1f88fd2 elementor-hidden-desktop e-flex e-con-boxed e-con e-child\" data-id=\"1f88fd2\" data-element_type=\"container\" data-e-type=\"container\" data-settings=\"{&quot;background_background&quot;:&quot;classic&quot;}\">\n\t\t\t\t\t<div class=\"e-con-inner\">\n\t\t\t\t<div class=\"elementor-element elementor-element-664623e elementor-widget elementor-widget-heading\" data-id=\"664623e\" data-element_type=\"widget\" data-e-type=\"widget\" data-widget_type=\"heading.default\">\n\t\t\t\t<div class=\"elementor-widget-container\">\n\t\t\t\t\t<p class=\"elementor-heading-title elementor-size-default\">Impression num\u00e9rique<\/p>\t\t\t\t<\/div>\n\t\t\t\t<\/div>\n\t\t\t\t<div class=\"elementor-element elementor-element-7a265e0 elementor-widget elementor-widget-button\" data-id=\"7a265e0\" data-element_type=\"widget\" data-e-type=\"widget\" data-widget_type=\"button.default\">\n\t\t\t\t<div class=\"elementor-widget-container\">\n\t\t\t\t\t\t\t\t\t<div class=\"elementor-button-wrapper\">\n\t\t\t\t\t<a class=\"elementor-button elementor-button-link elementor-size-sm\" href=\"\/fr\/services\/#impressionnumerique\">\n\t\t\t\t\t\t<span class=\"elementor-button-content-wrapper\">\n\t\t\t\t\t\t\t\t\t<span class=\"elementor-button-text\">En savoir plus<\/span>\n\t\t\t\t\t<\/span>\n\t\t\t\t\t<\/a>\n\t\t\t\t<\/div>\n\t\t\t\t\t\t\t\t<\/div>\n\t\t\t\t<\/div>\n\t\t\t\t\t<\/div>\n\t\t\t\t<\/div>\n\t\t<div class=\"elementor-element elementor-element-89ede0f elementor-hidden-desktop e-flex e-con-boxed e-con e-child\" data-id=\"89ede0f\" data-element_type=\"container\" data-e-type=\"container\" data-settings=\"{&quot;background_background&quot;:&quot;classic&quot;}\">\n\t\t\t\t\t<div class=\"e-con-inner\">\n\t\t\t\t<div class=\"elementor-element elementor-element-d329a1a elementor-widget elementor-widget-heading\" data-id=\"d329a1a\" data-element_type=\"widget\" data-e-type=\"widget\" data-widget_type=\"heading.default\">\n\t\t\t\t<div class=\"elementor-widget-container\">\n\t\t\t\t\t<p class=\"elementor-heading-title elementor-size-default\">Impression offset<\/p>\t\t\t\t<\/div>\n\t\t\t\t<\/div>\n\t\t\t\t<div class=\"elementor-element elementor-element-1f708e8 elementor-widget elementor-widget-button\" data-id=\"1f708e8\" data-element_type=\"widget\" data-e-type=\"widget\" data-widget_type=\"button.default\">\n\t\t\t\t<div class=\"elementor-widget-container\">\n\t\t\t\t\t\t\t\t\t<div class=\"elementor-button-wrapper\">\n\t\t\t\t\t<a class=\"elementor-button elementor-button-link elementor-size-sm\" href=\"\/fr\/services\/#impressionoffset\">\n\t\t\t\t\t\t<span class=\"elementor-button-content-wrapper\">\n\t\t\t\t\t\t\t\t\t<span class=\"elementor-button-text\">En savoir plus<\/span>\n\t\t\t\t\t<\/span>\n\t\t\t\t\t<\/a>\n\t\t\t\t<\/div>\n\t\t\t\t\t\t\t\t<\/div>\n\t\t\t\t<\/div>\n\t\t\t\t\t<\/div>\n\t\t\t\t<\/div>\n\t\t<div class=\"elementor-element elementor-element-9b64077 elementor-hidden-desktop e-flex e-con-boxed e-con e-child\" data-id=\"9b64077\" data-element_type=\"container\" data-e-type=\"container\" data-settings=\"{&quot;background_background&quot;:&quot;classic&quot;}\">\n\t\t\t\t\t<div class=\"e-con-inner\">\n\t\t\t\t<div class=\"elementor-element elementor-element-587aec3 elementor-widget elementor-widget-heading\" data-id=\"587aec3\" data-element_type=\"widget\" data-e-type=\"widget\" data-widget_type=\"heading.default\">\n\t\t\t\t<div class=\"elementor-widget-container\">\n\t\t\t\t\t<p class=\"elementor-heading-title elementor-size-default\">Reliure<\/p>\t\t\t\t<\/div>\n\t\t\t\t<\/div>\n\t\t\t\t<div class=\"elementor-element elementor-element-43b8af0 elementor-widget elementor-widget-button\" data-id=\"43b8af0\" data-element_type=\"widget\" data-e-type=\"widget\" data-widget_type=\"button.default\">\n\t\t\t\t<div class=\"elementor-widget-container\">\n\t\t\t\t\t\t\t\t\t<div class=\"elementor-button-wrapper\">\n\t\t\t\t\t<a class=\"elementor-button elementor-button-link elementor-size-sm\" href=\"\/fr\/services\/#reliure\">\n\t\t\t\t\t\t<span class=\"elementor-button-content-wrapper\">\n\t\t\t\t\t\t\t\t\t<span class=\"elementor-button-text\">En savoir plus<\/span>\n\t\t\t\t\t<\/span>\n\t\t\t\t\t<\/a>\n\t\t\t\t<\/div>\n\t\t\t\t\t\t\t\t<\/div>\n\t\t\t\t<\/div>\n\t\t\t\t\t<\/div>\n\t\t\t\t<\/div>\n\t\t<div class=\"elementor-element elementor-element-90ceb45 elementor-hidden-desktop e-flex e-con-boxed e-con e-child\" data-id=\"90ceb45\" data-element_type=\"container\" data-e-type=\"container\" data-settings=\"{&quot;background_background&quot;:&quot;classic&quot;}\">\n\t\t\t\t\t<div class=\"e-con-inner\">\n\t\t\t\t<div class=\"elementor-element elementor-element-c93782c elementor-widget elementor-widget-heading\" data-id=\"c93782c\" data-element_type=\"widget\" data-e-type=\"widget\" data-widget_type=\"heading.default\">\n\t\t\t\t<div class=\"elementor-widget-container\">\n\t\t\t\t\t<p class=\"elementor-heading-title elementor-size-default\">Logistique<\/p>\t\t\t\t<\/div>\n\t\t\t\t<\/div>\n\t\t\t\t<div class=\"elementor-element elementor-element-eded556 elementor-widget elementor-widget-button\" data-id=\"eded556\" data-element_type=\"widget\" data-e-type=\"widget\" data-widget_type=\"button.default\">\n\t\t\t\t<div class=\"elementor-widget-container\">\n\t\t\t\t\t\t\t\t\t<div class=\"elementor-button-wrapper\">\n\t\t\t\t\t<a class=\"elementor-button elementor-button-link elementor-size-sm\" href=\"\/fr\/services\/#logistique\">\n\t\t\t\t\t\t<span class=\"elementor-button-content-wrapper\">\n\t\t\t\t\t\t\t\t\t<span class=\"elementor-button-text\">En savoir plus<\/span>\n\t\t\t\t\t<\/span>\n\t\t\t\t\t<\/a>\n\t\t\t\t<\/div>\n\t\t\t\t\t\t\t\t<\/div>\n\t\t\t\t<\/div>\n\t\t\t\t\t<\/div>\n\t\t\t\t<\/div>\n\t\t\t\t<\/div>\n\t\t\t\t<\/div>\n\t\t\t\t<\/div>\n\t\t","protected":false},"excerpt":{"rendered":"<p>IMPRESSION INDUSTRIELLESPERSONNALIS\u00c9ES pour vos besoins de production (01) IMPRESSION INDUSTRIELLES PERSONNALIS\u00c9ES D\u2019HABITUDE LES REVOLUTIONS ESSAIENT DE CHANGER LE MONDE, LA NOTRE VEUT LE GARDER Fond\u00e9 en 1972, Grafiche Stella est une entreprise familiale qui est devenue d\u00e9sormais une importante et forte r\u00e9alit\u00e9 industrielle dont la mission a toujours \u00e9t\u00e9 la qualit\u00e9 et la satisfaction du [&hellip;]<\/p>\n","protected":false},"author":1,"featured_media":0,"parent":0,"menu_order":0,"comment_status":"closed","ping_status":"closed","template":"","meta":{"footnotes":""},"class_list":["post-1395","page","type-page","status-publish","hentry"],"_links":{"self":[{"href":"https:\/\/www.grafichestella.it\/fr\/wp-json\/wp\/v2\/pages\/1395","targetHints":{"allow":["GET"]}}],"collection":[{"href":"https:\/\/www.grafichestella.it\/fr\/wp-json\/wp\/v2\/pages"}],"about":[{"href":"https:\/\/www.grafichestella.it\/fr\/wp-json\/wp\/v2\/types\/page"}],"author":[{"embeddable":true,"href":"https:\/\/www.grafichestella.it\/fr\/wp-json\/wp\/v2\/users\/1"}],"replies":[{"embeddable":true,"href":"https:\/\/www.grafichestella.it\/fr\/wp-json\/wp\/v2\/comments?post=1395"}],"version-history":[{"count":16,"href":"https:\/\/www.grafichestella.it\/fr\/wp-json\/wp\/v2\/pages\/1395\/revisions"}],"predecessor-version":[{"id":1775,"href":"https:\/\/www.grafichestella.it\/fr\/wp-json\/wp\/v2\/pages\/1395\/revisions\/1775"}],"wp:attachment":[{"href":"https:\/\/www.grafichestella.it\/fr\/wp-json\/wp\/v2\/media?parent=1395"}],"curies":[{"name":"wp","href":"https:\/\/api.w.org\/{rel}","templated":true}]}}